{"id":1096,"date":"2024-07-22T16:07:10","date_gmt":"2024-07-22T14:07:10","guid":{"rendered":"https:\/\/aune.fr\/?page_id=1096"},"modified":"2024-11-26T19:29:17","modified_gmt":"2024-11-26T18:29:17","slug":"mentions-legales","status":"publish","type":"page","link":"https:\/\/aune.fr\/index.php\/mentions-legales\/","title":{"rendered":"Mentions l\u00e9gales"},"content":{"rendered":"\t\t<div data-elementor-type=\"wp-page\" data-elementor-id=\"1096\" class=\"elementor elementor-1096\">\n\t\t\t\t<div class=\"elementor-element elementor-element-594e9d6 e-con-full e-flex e-con e-parent\" data-id=\"594e9d6\" data-element_type=\"container\">\n\t\t\t\t<div class=\"elementor-element elementor-element-7fa4341 elementor-widget elementor-widget-heading\" data-id=\"7fa4341\" data-element_type=\"widget\" data-widget_type=\"heading.default\">\n\t\t\t\t<div class=\"elementor-widget-container\">\n\t\t\t<h2 class=\"elementor-heading-title elementor-size-default\">Mentions l\u00e9gales<\/h2>\t\t<\/div>\n\t\t\t\t<\/div>\n\t\t\t\t<div class=\"elementor-element elementor-element-f485910 elementor-widget elementor-widget-text-editor\" data-id=\"f485910\" data-element_type=\"widget\" data-widget_type=\"text-editor.default\">\n\t\t\t\t<div class=\"elementor-widget-container\">\n\t\t\t\t\t\t\t<h5><strong>\u00c9diteur du site<\/strong><\/h5><p>AUNE &#8211; Architecture et Urbanisme<br \/>1 rue du nouveau b\u00eale 44470 Carquefou<br \/>09 82 23 97 79 &#8211; agence@aune.fr<br \/>SIRET : 81287247100014<br \/>Code APE : 7111Z<br \/>Directeur de publication : Pascal Courant<\/p><h5><strong>H\u00e9bergement<\/strong><\/h5><p>Le site est h\u00e9berg\u00e9 par : OVH<br \/>Adresse : 2, rue Kellermann, 59100 Roubaix<br \/>Site web : https:\/\/www.ovhcloud.com\/fr\/<\/p><h5><strong>Propri\u00e9t\u00e9 intellectuelle<\/strong><\/h5><p>L\u2019ensemble des contenus (textes, images, graphismes, logos, etc.) pr\u00e9sents sur ce site sont la propri\u00e9t\u00e9 exclusive de l\u2019agence AUNE, sauf mention contraire. Toute reproduction, distribution ou utilisation, partielle ou totale, des \u00e9l\u00e9ments du site sans autorisation pr\u00e9alable \u00e9crite est interdite et peut entra\u00eener des poursuites judiciaires.<\/p><h5><strong>Donn\u00e9es personnelles<\/strong><\/h5><p>Les informations collect\u00e9es sur ce site (formulaires de contact, newsletter, etc.) sont utilis\u00e9es uniquement dans le cadre de votre demande et conform\u00e9ment \u00e0 la r\u00e9glementation applicable (RGPD). Vous disposez d\u2019un droit d\u2019acc\u00e8s, de rectification, et de suppression de vos donn\u00e9es personnelles. Pour exercer ces droits, contactez-nous \u00e0 : [email de contact].<\/p><h5><strong>Cookies<\/strong><\/h5><p>Ce site utilise des cookies pour am\u00e9liorer votre exp\u00e9rience utilisateur et collecter des statistiques de visite. Vous pouvez g\u00e9rer vos pr\u00e9f\u00e9rences en mati\u00e8re de cookies via les param\u00e8tres de votre navigateur.<\/p><h5><strong>Responsabilit\u00e9<\/strong><\/h5><p>L\u2019agence AUNE s\u2019efforce de fournir des informations exactes et \u00e0 jour sur ce site. Cependant, elle ne saurait \u00eatre tenue responsable des erreurs ou omissions \u00e9ventuelles, ou de l\u2019usage qui pourrait \u00eatre fait des informations diffus\u00e9es.<\/p><h5><strong>Cr\u00e9dits<\/strong><\/h5><p>Conception et r\u00e9alisation du site : Fran\u00e7ois Vesvard pour les maquettes graphiques et Laur\u00e8ne Klein pour le d\u00e9veloppement<br \/>Photos et illustrations : Sources des images utilis\u00e9es, si elles ne sont pas produites en interne.<\/p><h5><strong>Contact<\/strong><\/h5><p>Pour toute question relative au site ou \u00e0 son contenu, veuillez nous contacter \u00e0 : agence@aune.fr<\/p>\t\t\t\t\t\t<\/div>\n\t\t\t\t<\/div>\n\t\t\t\t<\/div>\n\t\t\t\t<\/div>\n\t\t","protected":false},"excerpt":{"rendered":"<p>Mentions l\u00e9gales \u00c9diteur du site AUNE &#8211; Architecture et Urbanisme1 rue du nouveau b\u00eale 44470 Carquefou09 82 23 97 79 &#8211; agence@aune.frSIRET : 81287247100014Code APE : 7111ZDirecteur de publication : Pascal Courant H\u00e9bergement Le site est h\u00e9berg\u00e9 par : OVHAdresse : 2, rue Kellermann, 59100 RoubaixSite web : https:\/\/www.ovhcloud.com\/fr\/ Propri\u00e9t\u00e9 intellectuelle L\u2019ensemble des contenus (textes, [&hellip;]<\/p>\n","protected":false},"author":1,"featured_media":0,"parent":0,"menu_order":0,"comment_status":"closed","ping_status":"closed","template":"full-width.php","meta":{"footnotes":""},"class_list":["post-1096","page","type-page","status-publish","hentry"],"yoast_head":"<!-- This site is optimized with the Yoast SEO plugin v23.9 - https:\/\/yoast.com\/wordpress\/plugins\/seo\/ -->\n<title>Mentions l\u00e9gales - Agence aune<\/title>\n<meta name=\"robots\" content=\"index, follow, max-snippet:-1, max-image-preview:large, max-video-preview:-1\" \/>\n<link rel=\"canonical\" href=\"https:\/\/aune.fr\/index.php\/mentions-legales\/\" \/>\n<meta property=\"og:locale\" content=\"fr_FR\" \/>\n<meta property=\"og:type\" content=\"article\" \/>\n<meta property=\"og:title\" content=\"Mentions l\u00e9gales - Agence aune\" \/>\n<meta property=\"og:description\" content=\"Mentions l\u00e9gales \u00c9diteur du site AUNE &#8211; Architecture et Urbanisme1 rue du nouveau b\u00eale 44470 Carquefou09 82 23 97 79 &#8211; agence@aune.frSIRET : 81287247100014Code APE : 7111ZDirecteur de publication : Pascal Courant H\u00e9bergement Le site est h\u00e9berg\u00e9 par : OVHAdresse : 2, rue Kellermann, 59100 RoubaixSite web : https:\/\/www.ovhcloud.com\/fr\/ Propri\u00e9t\u00e9 intellectuelle L\u2019ensemble des contenus (textes, [&hellip;]\" \/>\n<meta property=\"og:url\" content=\"https:\/\/aune.fr\/index.php\/mentions-legales\/\" \/>\n<meta property=\"og:site_name\" content=\"Agence aune\" \/>\n<meta property=\"article:modified_time\" content=\"2024-11-26T18:29:17+00:00\" \/>\n<meta name=\"twitter:card\" content=\"summary_large_image\" \/>\n<meta name=\"twitter:label1\" content=\"Dur\u00e9e de lecture estim\u00e9e\" \/>\n\t<meta name=\"twitter:data1\" content=\"2 minutes\" \/>\n<script type=\"application\/ld+json\" class=\"yoast-schema-graph\">{\"@context\":\"https:\/\/schema.org\",\"@graph\":[{\"@type\":\"WebPage\",\"@id\":\"https:\/\/aune.fr\/index.php\/mentions-legales\/\",\"url\":\"https:\/\/aune.fr\/index.php\/mentions-legales\/\",\"name\":\"Mentions l\u00e9gales - Agence aune\",\"isPartOf\":{\"@id\":\"https:\/\/aune.fr\/#website\"},\"datePublished\":\"2024-07-22T14:07:10+00:00\",\"dateModified\":\"2024-11-26T18:29:17+00:00\",\"breadcrumb\":{\"@id\":\"https:\/\/aune.fr\/index.php\/mentions-legales\/#breadcrumb\"},\"inLanguage\":\"fr-FR\",\"potentialAction\":[{\"@type\":\"ReadAction\",\"target\":[\"https:\/\/aune.fr\/index.php\/mentions-legales\/\"]}]},{\"@type\":\"BreadcrumbList\",\"@id\":\"https:\/\/aune.fr\/index.php\/mentions-legales\/#breadcrumb\",\"itemListElement\":[{\"@type\":\"ListItem\",\"position\":1,\"name\":\"Accueil\",\"item\":\"https:\/\/aune.fr\/\"},{\"@type\":\"ListItem\",\"position\":2,\"name\":\"Mentions l\u00e9gales\"}]},{\"@type\":\"WebSite\",\"@id\":\"https:\/\/aune.fr\/#website\",\"url\":\"https:\/\/aune.fr\/\",\"name\":\"Agence aune\",\"description\":\"\",\"publisher\":{\"@id\":\"https:\/\/aune.fr\/#organization\"},\"potentialAction\":[{\"@type\":\"SearchAction\",\"target\":{\"@type\":\"EntryPoint\",\"urlTemplate\":\"https:\/\/aune.fr\/?s={search_term_string}\"},\"query-input\":{\"@type\":\"PropertyValueSpecification\",\"valueRequired\":true,\"valueName\":\"search_term_string\"}}],\"inLanguage\":\"fr-FR\"},{\"@type\":\"Organization\",\"@id\":\"https:\/\/aune.fr\/#organization\",\"name\":\"Agence aune\",\"url\":\"https:\/\/aune.fr\/\",\"logo\":{\"@type\":\"ImageObject\",\"inLanguage\":\"fr-FR\",\"@id\":\"https:\/\/aune.fr\/#\/schema\/logo\/image\/\",\"url\":\"\",\"contentUrl\":\"\",\"caption\":\"Agence aune\"},\"image\":{\"@id\":\"https:\/\/aune.fr\/#\/schema\/logo\/image\/\"}}]}<\/script>\n<!-- \/ Yoast SEO plugin. -->","yoast_head_json":{"title":"Mentions l\u00e9gales - Agence aune","robots":{"index":"index","follow":"follow","max-snippet":"max-snippet:-1","max-image-preview":"max-image-preview:large","max-video-preview":"max-video-preview:-1"},"canonical":"https:\/\/aune.fr\/index.php\/mentions-legales\/","og_locale":"fr_FR","og_type":"article","og_title":"Mentions l\u00e9gales - Agence aune","og_description":"Mentions l\u00e9gales \u00c9diteur du site AUNE &#8211; Architecture et Urbanisme1 rue du nouveau b\u00eale 44470 Carquefou09 82 23 97 79 &#8211; agence@aune.frSIRET : 81287247100014Code APE : 7111ZDirecteur de publication : Pascal Courant H\u00e9bergement Le site est h\u00e9berg\u00e9 par : OVHAdresse : 2, rue Kellermann, 59100 RoubaixSite web : https:\/\/www.ovhcloud.com\/fr\/ Propri\u00e9t\u00e9 intellectuelle L\u2019ensemble des contenus (textes, [&hellip;]","og_url":"https:\/\/aune.fr\/index.php\/mentions-legales\/","og_site_name":"Agence aune","article_modified_time":"2024-11-26T18:29:17+00:00","twitter_card":"summary_large_image","twitter_misc":{"Dur\u00e9e de lecture estim\u00e9e":"2 minutes"},"schema":{"@context":"https:\/\/schema.org","@graph":[{"@type":"WebPage","@id":"https:\/\/aune.fr\/index.php\/mentions-legales\/","url":"https:\/\/aune.fr\/index.php\/mentions-legales\/","name":"Mentions l\u00e9gales - Agence aune","isPartOf":{"@id":"https:\/\/aune.fr\/#website"},"datePublished":"2024-07-22T14:07:10+00:00","dateModified":"2024-11-26T18:29:17+00:00","breadcrumb":{"@id":"https:\/\/aune.fr\/index.php\/mentions-legales\/#breadcrumb"},"inLanguage":"fr-FR","potentialAction":[{"@type":"ReadAction","target":["https:\/\/aune.fr\/index.php\/mentions-legales\/"]}]},{"@type":"BreadcrumbList","@id":"https:\/\/aune.fr\/index.php\/mentions-legales\/#breadcrumb","itemListElement":[{"@type":"ListItem","position":1,"name":"Accueil","item":"https:\/\/aune.fr\/"},{"@type":"ListItem","position":2,"name":"Mentions l\u00e9gales"}]},{"@type":"WebSite","@id":"https:\/\/aune.fr\/#website","url":"https:\/\/aune.fr\/","name":"Agence aune","description":"","publisher":{"@id":"https:\/\/aune.fr\/#organization"},"potentialAction":[{"@type":"SearchAction","target":{"@type":"EntryPoint","urlTemplate":"https:\/\/aune.fr\/?s={search_term_string}"},"query-input":{"@type":"PropertyValueSpecification","valueRequired":true,"valueName":"search_term_string"}}],"inLanguage":"fr-FR"},{"@type":"Organization","@id":"https:\/\/aune.fr\/#organization","name":"Agence aune","url":"https:\/\/aune.fr\/","logo":{"@type":"ImageObject","inLanguage":"fr-FR","@id":"https:\/\/aune.fr\/#\/schema\/logo\/image\/","url":"","contentUrl":"","caption":"Agence aune"},"image":{"@id":"https:\/\/aune.fr\/#\/schema\/logo\/image\/"}}]}},"_links":{"self":[{"href":"https:\/\/aune.fr\/index.php\/wp-json\/wp\/v2\/pages\/1096","targetHints":{"allow":["GET"]}}],"collection":[{"href":"https:\/\/aune.fr\/index.php\/wp-json\/wp\/v2\/pages"}],"about":[{"href":"https:\/\/aune.fr\/index.php\/wp-json\/wp\/v2\/types\/page"}],"author":[{"embeddable":true,"href":"https:\/\/aune.fr\/index.php\/wp-json\/wp\/v2\/users\/1"}],"replies":[{"embeddable":true,"href":"https:\/\/aune.fr\/index.php\/wp-json\/wp\/v2\/comments?post=1096"}],"version-history":[{"count":0,"href":"https:\/\/aune.fr\/index.php\/wp-json\/wp\/v2\/pages\/1096\/revisions"}],"wp:attachment":[{"href":"https:\/\/aune.fr\/index.php\/wp-json\/wp\/v2\/media?parent=1096"}],"curies":[{"name":"wp","href":"https:\/\/api.w.org\/{rel}","templated":true}]}}